{"id":23936,"date":"2015-10-22T03:26:46","date_gmt":"2015-10-22T01:26:46","guid":{"rendered":"https:\/\/hedgehogprogram.com\/heim\/haeufig-gestellte-fragen\/"},"modified":"2015-10-22T03:26:46","modified_gmt":"2015-10-22T01:26:46","slug":"haeufig-gestellte-fragen","status":"publish","type":"page","link":"https:\/\/hedgehogprogram.com\/de\/heim\/haeufig-gestellte-fragen\/","title":{"rendered":"H\u00e4ufig gestellte Fragen"},"content":{"rendered":"<p><svg xmlns=\"http:\/\/www.w3.org\/2000\/svg\" viewbox=\"0 0 448 512\"><path d=\"M416 208H272V64c0-17.67-14.33-32-32-32h-32c-17.67 0-32 14.33-32 32v144H32c-17.67 0-32 14.33-32 32v32c0 17.67 14.33 32 32 32h144v144c0 17.67 14.33 32 32 32h32c17.67 0 32-14.33 32-32V304h144c17.67 0 32-14.33 32-32v-32c0-17.67-14.33-32-32-32z\"><\/path><\/svg><br \/>\n\t\t\t\t\t\t\t\t<svg xmlns=\"http:\/\/www.w3.org\/2000\/svg\" viewbox=\"0 0 448 512\"><path d=\"M416 208H32c-17.67 0-32 14.33-32 32v32c0 17.67 14.33 32 32 32h384c17.67 0 32-14.33 32-32v-32c0-17.67-14.33-32-32-32z\"><\/path><\/svg><br \/>\n\t\t\t\t\t\t\t\t\t\t\t\t<a tabindex=\"0\">Was ist The Hedgehog Program?<\/a><\/p>\n<p>The Hedgehog Program ist ein Einzelunternehmen, das Forschung betreibt und Aufkl\u00e4rung \u00fcber Igel und Tenreks anbietet. Wir verfassen informative Artikel, erstellen Online-Kurse, f\u00fchren Forschungsprojekte durch, arbeiten an Naturbildungsprojekten und \u00f6kologischen Entwicklungsprojekten mit und betreiben einen Shop, in dem wir B\u00fccher und Kurse verkaufen.  <\/p>\n<p>\t\t\t\t\t\t\t\t\t\t\t\t\t\t\t<svg xmlns=\"http:\/\/www.w3.org\/2000\/svg\" viewbox=\"0 0 448 512\"><path d=\"M416 208H272V64c0-17.67-14.33-32-32-32h-32c-17.67 0-32 14.33-32 32v144H32c-17.67 0-32 14.33-32 32v32c0 17.67 14.33 32 32 32h144v144c0 17.67 14.33 32 32 32h32c17.67 0 32-14.33 32-32V304h144c17.67 0 32-14.33 32-32v-32c0-17.67-14.33-32-32-32z\"><\/path><\/svg><br \/>\n\t\t\t\t\t\t\t\t<svg xmlns=\"http:\/\/www.w3.org\/2000\/svg\" viewbox=\"0 0 448 512\"><path d=\"M416 208H32c-17.67 0-32 14.33-32 32v32c0 17.67 14.33 32 32 32h384c17.67 0 32-14.33 32-32v-32c0-17.67-14.33-32-32-32z\"><\/path><\/svg><br \/>\n\t\t\t\t\t\t\t\t\t\t\t\t<a tabindex=\"0\">F\u00fchren Sie Tierversuche durch?<\/a><\/p>\n<p>The Hedgehog Program verf\u00fcgt weder \u00fcber die Einrichtungen noch \u00fcber die erforderlichen Genehmigungen f\u00fcr Tierversuche. Unsere Forschung ist nicht-invasiv, das hei\u00dft, wir achten darauf, dass unsere Forschungsmethoden so durchgef\u00fchrt werden, dass sie den Tieren weder schaden noch sie st\u00f6ren oder stressen. Nat\u00fcrlich m\u00fcssen wir sie gelegentlich f\u00fcr Messungen hochheben, aber wir beschr\u00e4nken diese Eingriffe so, dass die Tiere sich anschlie\u00dfend ohne medizinische Hilfe frei in ihrem nat\u00fcrlichen Lebensraum bewegen k\u00f6nnen.  <\/p>\n","protected":false},"excerpt":{"rendered":"<p>Was ist The Hedgehog Program? The Hedgehog Program ist ein Einzelunternehmen, das Forschung betreibt und Aufkl\u00e4rung \u00fcber Igel und Tenreks anbietet. Wir verfassen informative Artikel, erstellen Online-Kurse, f\u00fchren Forschungsprojekte durch, arbeiten an Naturbildungsprojekten und \u00f6kologischen Entwicklungsprojekten mit und betreiben einen Shop, in dem wir B\u00fccher und Kurse verkaufen. F\u00fchren Sie Tierversuche durch? The Hedgehog Program [&hellip;]<\/p>\n","protected":false},"author":1,"featured_media":0,"parent":23896,"menu_order":0,"comment_status":"closed","ping_status":"closed","template":"","meta":{"_monsterinsights_skip_tracking":false,"_monsterinsights_sitenote_active":false,"_monsterinsights_sitenote_note":"","_monsterinsights_sitenote_category":0,"site-sidebar-layout":"default","site-content-layout":"","ast-site-content-layout":"default","site-content-style":"default","site-sidebar-style":"default","ast-global-header-display":"","ast-banner-title-visibility":"","ast-main-header-display":"","ast-hfb-above-header-display":"","ast-hfb-below-header-display":"","ast-hfb-mobile-header-display":"","site-post-title":"","ast-breadcrumbs-content":"","ast-featured-img":"","footer-sml-layout":"","ast-disable-related-posts":"","theme-transparent-header-meta":"","adv-header-id-meta":"","stick-header-meta":"","header-above-stick-meta":"","header-main-stick-meta":"","header-below-stick-meta":"","astra-migrate-meta-layouts":"default","ast-page-background-enabled":"default","ast-page-background-meta":{"desktop":{"background-color":"var(--ast-global-color-4)","background-image":"","background-repeat":"repeat","background-position":"center center","background-size":"auto","background-attachment":"scroll","background-type":"","background-media":"","overlay-type":"","overlay-color":"","overlay-opacity":"","overlay-gradient":""},"tablet":{"background-color":"","background-image":"","background-repeat":"repeat","background-position":"center center","background-size":"auto","background-attachment":"scroll","background-type":"","background-media":"","overlay-type":"","overlay-color":"","overlay-opacity":"","overlay-gradient":""},"mobile":{"background-color":"","background-image":"","background-repeat":"repeat","background-position":"center center","background-size":"auto","background-attachment":"scroll","background-type":"","background-media":"","overlay-type":"","overlay-color":"","overlay-opacity":"","overlay-gradient":""}},"ast-content-background-meta":{"desktop":{"background-color":"var(--ast-global-color-5)","background-image":"","background-repeat":"repeat","background-position":"center center","background-size":"auto","background-attachment":"scroll","background-type":"","background-media":"","overlay-type":"","overlay-color":"","overlay-opacity":"","overlay-gradient":""},"tablet":{"background-color":"var(--ast-global-color-5)","background-image":"","background-repeat":"repeat","background-position":"center center","background-size":"auto","background-attachment":"scroll","background-type":"","background-media":"","overlay-type":"","overlay-color":"","overlay-opacity":"","overlay-gradient":""},"mobile":{"background-color":"var(--ast-global-color-5)","background-image":"","background-repeat":"repeat","background-position":"center center","background-size":"auto","background-attachment":"scroll","background-type":"","background-media":"","overlay-type":"","overlay-color":"","overlay-opacity":"","overlay-gradient":""}},"footnotes":""},"class_list":["post-23936","page","type-page","status-publish","hentry"],"yoast_head":"<!-- This site is optimized with the Yoast SEO plugin v27.4 - https:\/\/yoast.com\/product\/yoast-seo-wordpress\/ -->\n<title>H\u00e4ufig gestellte Fragen &#187; The Hedgehog Program<\/title>\n<meta name=\"robots\" content=\"index, follow, max-snippet:-1, max-image-preview:large, max-video-preview:-1\" \/>\n<link rel=\"canonical\" href=\"https:\/\/hedgehogprogram.com\/de\/heim\/haeufig-gestellte-fragen\/\" \/>\n<meta property=\"og:locale\" content=\"de_DE\" \/>\n<meta property=\"og:type\" content=\"article\" \/>\n<meta property=\"og:title\" content=\"H\u00e4ufig gestellte Fragen &#187; The Hedgehog Program\" \/>\n<meta property=\"og:description\" content=\"Was ist The Hedgehog Program? The Hedgehog Program ist ein Einzelunternehmen, das Forschung betreibt und Aufkl\u00e4rung \u00fcber Igel und Tenreks anbietet. Wir verfassen informative Artikel, erstellen Online-Kurse, f\u00fchren Forschungsprojekte durch, arbeiten an Naturbildungsprojekten und \u00f6kologischen Entwicklungsprojekten mit und betreiben einen Shop, in dem wir B\u00fccher und Kurse verkaufen. F\u00fchren Sie Tierversuche durch? The Hedgehog Program [&hellip;]\" \/>\n<meta property=\"og:url\" content=\"https:\/\/hedgehogprogram.com\/de\/heim\/haeufig-gestellte-fragen\/\" \/>\n<meta property=\"og:site_name\" content=\"The Hedgehog Program\" \/>\n<meta property=\"article:publisher\" content=\"https:\/\/www.facebook.com\/hedgehogprogram\" \/>\n<meta property=\"og:image\" content=\"https:\/\/hedgehogprogram.com\/wp-content\/uploads\/2023\/03\/breed.jpg\" \/>\n\t<meta property=\"og:image:width\" content=\"990\" \/>\n\t<meta property=\"og:image:height\" content=\"575\" \/>\n\t<meta property=\"og:image:type\" content=\"image\/jpeg\" \/>\n<meta name=\"twitter:card\" content=\"summary_large_image\" \/>\n<meta name=\"twitter:label1\" content=\"Gesch\u00e4tzte Lesezeit\" \/>\n\t<meta name=\"twitter:data1\" content=\"1\u00a0Minute\" \/>\n<script type=\"application\/ld+json\" class=\"yoast-schema-graph\">{\"@context\":\"https:\\\/\\\/schema.org\",\"@graph\":[{\"@type\":\"WebPage\",\"@id\":\"https:\\\/\\\/hedgehogprogram.com\\\/de\\\/heim\\\/haeufig-gestellte-fragen\\\/\",\"url\":\"https:\\\/\\\/hedgehogprogram.com\\\/de\\\/heim\\\/haeufig-gestellte-fragen\\\/\",\"name\":\"H\u00e4ufig gestellte Fragen &#187; The Hedgehog Program\",\"isPartOf\":{\"@id\":\"https:\\\/\\\/hedgehogprogram.com\\\/de\\\/#website\"},\"datePublished\":\"2015-10-22T01:26:46+00:00\",\"breadcrumb\":{\"@id\":\"https:\\\/\\\/hedgehogprogram.com\\\/de\\\/heim\\\/haeufig-gestellte-fragen\\\/#breadcrumb\"},\"inLanguage\":\"de\",\"potentialAction\":[{\"@type\":\"ReadAction\",\"target\":[\"https:\\\/\\\/hedgehogprogram.com\\\/de\\\/heim\\\/haeufig-gestellte-fragen\\\/\"]}]},{\"@type\":\"BreadcrumbList\",\"@id\":\"https:\\\/\\\/hedgehogprogram.com\\\/de\\\/heim\\\/haeufig-gestellte-fragen\\\/#breadcrumb\",\"itemListElement\":[{\"@type\":\"ListItem\",\"position\":1,\"name\":\"Home\",\"item\":\"https:\\\/\\\/hedgehogprogram.com\\\/de\\\/\"},{\"@type\":\"ListItem\",\"position\":2,\"name\":\"Startseite\",\"item\":\"https:\\\/\\\/hedgehogprogram.com\\\/de\\\/\"},{\"@type\":\"ListItem\",\"position\":3,\"name\":\"H\u00e4ufig gestellte Fragen\"}]},{\"@type\":\"WebSite\",\"@id\":\"https:\\\/\\\/hedgehogprogram.com\\\/de\\\/#website\",\"url\":\"https:\\\/\\\/hedgehogprogram.com\\\/de\\\/\",\"name\":\"The Hedgehog Program\",\"description\":\"The Hedgehog Program is an online platform of research and education about hedgehogs and tenrecs.\",\"publisher\":{\"@id\":\"https:\\\/\\\/hedgehogprogram.com\\\/de\\\/#organization\"},\"alternateName\":\"THP\",\"potentialAction\":[{\"@type\":\"SearchAction\",\"target\":{\"@type\":\"EntryPoint\",\"urlTemplate\":\"https:\\\/\\\/hedgehogprogram.com\\\/de\\\/?s={search_term_string}\"},\"query-input\":{\"@type\":\"PropertyValueSpecification\",\"valueRequired\":true,\"valueName\":\"search_term_string\"}}],\"inLanguage\":\"de\"},{\"@type\":\"Organization\",\"@id\":\"https:\\\/\\\/hedgehogprogram.com\\\/de\\\/#organization\",\"name\":\"The Hedgehog Program\",\"alternateName\":\"THP\",\"url\":\"https:\\\/\\\/hedgehogprogram.com\\\/de\\\/\",\"logo\":{\"@type\":\"ImageObject\",\"inLanguage\":\"de\",\"@id\":\"https:\\\/\\\/hedgehogprogram.com\\\/de\\\/#\\\/schema\\\/logo\\\/image\\\/\",\"url\":\"https:\\\/\\\/www.hedgehogprogram.com\\\/wp-content\\\/uploads\\\/2022\\\/11\\\/logo-klein.png\",\"contentUrl\":\"https:\\\/\\\/www.hedgehogprogram.com\\\/wp-content\\\/uploads\\\/2022\\\/11\\\/logo-klein.png\",\"width\":250,\"height\":125,\"caption\":\"The Hedgehog Program\"},\"image\":{\"@id\":\"https:\\\/\\\/hedgehogprogram.com\\\/de\\\/#\\\/schema\\\/logo\\\/image\\\/\"},\"sameAs\":[\"https:\\\/\\\/www.facebook.com\\\/hedgehogprogram\",\"https:\\\/\\\/www.linkedin.com\\\/company\\\/hedgehogprogram\\\/\",\"https:\\\/\\\/www.tiktok.com\\\/@hedgehogprogram\"]}]}<\/script>\n<!-- \/ Yoast SEO plugin. -->","yoast_head_json":{"title":"H\u00e4ufig gestellte Fragen &#187; The Hedgehog Program","robots":{"index":"index","follow":"follow","max-snippet":"max-snippet:-1","max-image-preview":"max-image-preview:large","max-video-preview":"max-video-preview:-1"},"canonical":"https:\/\/hedgehogprogram.com\/de\/heim\/haeufig-gestellte-fragen\/","og_locale":"de_DE","og_type":"article","og_title":"H\u00e4ufig gestellte Fragen &#187; The Hedgehog Program","og_description":"Was ist The Hedgehog Program? The Hedgehog Program ist ein Einzelunternehmen, das Forschung betreibt und Aufkl\u00e4rung \u00fcber Igel und Tenreks anbietet. Wir verfassen informative Artikel, erstellen Online-Kurse, f\u00fchren Forschungsprojekte durch, arbeiten an Naturbildungsprojekten und \u00f6kologischen Entwicklungsprojekten mit und betreiben einen Shop, in dem wir B\u00fccher und Kurse verkaufen. F\u00fchren Sie Tierversuche durch? The Hedgehog Program [&hellip;]","og_url":"https:\/\/hedgehogprogram.com\/de\/heim\/haeufig-gestellte-fragen\/","og_site_name":"The Hedgehog Program","article_publisher":"https:\/\/www.facebook.com\/hedgehogprogram","og_image":[{"width":990,"height":575,"url":"https:\/\/hedgehogprogram.com\/wp-content\/uploads\/2023\/03\/breed.jpg","type":"image\/jpeg"}],"twitter_card":"summary_large_image","twitter_misc":{"Gesch\u00e4tzte Lesezeit":"1\u00a0Minute"},"schema":{"@context":"https:\/\/schema.org","@graph":[{"@type":"WebPage","@id":"https:\/\/hedgehogprogram.com\/de\/heim\/haeufig-gestellte-fragen\/","url":"https:\/\/hedgehogprogram.com\/de\/heim\/haeufig-gestellte-fragen\/","name":"H\u00e4ufig gestellte Fragen &#187; The Hedgehog Program","isPartOf":{"@id":"https:\/\/hedgehogprogram.com\/de\/#website"},"datePublished":"2015-10-22T01:26:46+00:00","breadcrumb":{"@id":"https:\/\/hedgehogprogram.com\/de\/heim\/haeufig-gestellte-fragen\/#breadcrumb"},"inLanguage":"de","potentialAction":[{"@type":"ReadAction","target":["https:\/\/hedgehogprogram.com\/de\/heim\/haeufig-gestellte-fragen\/"]}]},{"@type":"BreadcrumbList","@id":"https:\/\/hedgehogprogram.com\/de\/heim\/haeufig-gestellte-fragen\/#breadcrumb","itemListElement":[{"@type":"ListItem","position":1,"name":"Home","item":"https:\/\/hedgehogprogram.com\/de\/"},{"@type":"ListItem","position":2,"name":"Startseite","item":"https:\/\/hedgehogprogram.com\/de\/"},{"@type":"ListItem","position":3,"name":"H\u00e4ufig gestellte Fragen"}]},{"@type":"WebSite","@id":"https:\/\/hedgehogprogram.com\/de\/#website","url":"https:\/\/hedgehogprogram.com\/de\/","name":"The Hedgehog Program","description":"The Hedgehog Program is an online platform of research and education about hedgehogs and tenrecs.","publisher":{"@id":"https:\/\/hedgehogprogram.com\/de\/#organization"},"alternateName":"THP","potentialAction":[{"@type":"SearchAction","target":{"@type":"EntryPoint","urlTemplate":"https:\/\/hedgehogprogram.com\/de\/?s={search_term_string}"},"query-input":{"@type":"PropertyValueSpecification","valueRequired":true,"valueName":"search_term_string"}}],"inLanguage":"de"},{"@type":"Organization","@id":"https:\/\/hedgehogprogram.com\/de\/#organization","name":"The Hedgehog Program","alternateName":"THP","url":"https:\/\/hedgehogprogram.com\/de\/","logo":{"@type":"ImageObject","inLanguage":"de","@id":"https:\/\/hedgehogprogram.com\/de\/#\/schema\/logo\/image\/","url":"https:\/\/www.hedgehogprogram.com\/wp-content\/uploads\/2022\/11\/logo-klein.png","contentUrl":"https:\/\/www.hedgehogprogram.com\/wp-content\/uploads\/2022\/11\/logo-klein.png","width":250,"height":125,"caption":"The Hedgehog Program"},"image":{"@id":"https:\/\/hedgehogprogram.com\/de\/#\/schema\/logo\/image\/"},"sameAs":["https:\/\/www.facebook.com\/hedgehogprogram","https:\/\/www.linkedin.com\/company\/hedgehogprogram\/","https:\/\/www.tiktok.com\/@hedgehogprogram"]}]}},"_links":{"self":[{"href":"https:\/\/hedgehogprogram.com\/de\/wp-json\/wp\/v2\/pages\/23936","targetHints":{"allow":["GET"]}}],"collection":[{"href":"https:\/\/hedgehogprogram.com\/de\/wp-json\/wp\/v2\/pages"}],"about":[{"href":"https:\/\/hedgehogprogram.com\/de\/wp-json\/wp\/v2\/types\/page"}],"author":[{"embeddable":true,"href":"https:\/\/hedgehogprogram.com\/de\/wp-json\/wp\/v2\/users\/1"}],"replies":[{"embeddable":true,"href":"https:\/\/hedgehogprogram.com\/de\/wp-json\/wp\/v2\/comments?post=23936"}],"version-history":[{"count":0,"href":"https:\/\/hedgehogprogram.com\/de\/wp-json\/wp\/v2\/pages\/23936\/revisions"}],"up":[{"embeddable":true,"href":"https:\/\/hedgehogprogram.com\/de\/wp-json\/wp\/v2\/pages\/23896"}],"wp:attachment":[{"href":"https:\/\/hedgehogprogram.com\/de\/wp-json\/wp\/v2\/media?parent=23936"}],"curies":[{"name":"wp","href":"https:\/\/api.w.org\/{rel}","templated":true}]}}