{"id":23935,"date":"2015-10-22T03:26:46","date_gmt":"2015-10-22T01:26:46","guid":{"rendered":"https:\/\/hedgehogprogram.com\/page-daccueil\/faq\/"},"modified":"2015-10-22T03:26:46","modified_gmt":"2015-10-22T01:26:46","slug":"faq","status":"publish","type":"page","link":"https:\/\/hedgehogprogram.com\/fr\/page-daccueil\/faq\/","title":{"rendered":"FAQ"},"content":{"rendered":"<p><svg xmlns=\"http:\/\/www.w3.org\/2000\/svg\" viewbox=\"0 0 448 512\"><path d=\"M416 208H272V64c0-17.67-14.33-32-32-32h-32c-17.67 0-32 14.33-32 32v144H32c-17.67 0-32 14.33-32 32v32c0 17.67 14.33 32 32 32h144v144c0 17.67 14.33 32 32 32h32c17.67 0 32-14.33 32-32V304h144c17.67 0 32-14.33 32-32v-32c0-17.67-14.33-32-32-32z\"><\/path><\/svg><br \/>\n\t\t\t\t\t\t\t\t<svg xmlns=\"http:\/\/www.w3.org\/2000\/svg\" viewbox=\"0 0 448 512\"><path d=\"M416 208H32c-17.67 0-32 14.33-32 32v32c0 17.67 14.33 32 32 32h384c17.67 0 32-14.33 32-32v-32c0-17.67-14.33-32-32-32z\"><\/path><\/svg><br \/>\n\t\t\t\t\t\t\t\t\t\t\t\t<a tabindex=\"0\">Qu&rsquo;est-ce que The Hedgehog Program?<\/a><\/p>\n<p>The Hedgehog Program est une entreprise individuelle qui se consacre \u00e0 la recherche et \u00e0 la sensibilisation sur les h\u00e9rissons et les tenrecs. Nous r\u00e9digeons des articles p\u00e9dagogiques, cr\u00e9ons des cours en ligne, menons des projets de recherche, collaborons \u00e0 des projets d&rsquo;\u00e9ducation \u00e0 la nature et de d\u00e9veloppement \u00e9cologique, et nous tenons une boutique en ligne o\u00f9 nous vendons des livres et des formations.  <\/p>\n<p>\t\t\t\t\t\t\t\t\t\t\t\t\t\t\t<svg xmlns=\"http:\/\/www.w3.org\/2000\/svg\" viewbox=\"0 0 448 512\"><path d=\"M416 208H272V64c0-17.67-14.33-32-32-32h-32c-17.67 0-32 14.33-32 32v144H32c-17.67 0-32 14.33-32 32v32c0 17.67 14.33 32 32 32h144v144c0 17.67 14.33 32 32 32h32c17.67 0 32-14.33 32-32V304h144c17.67 0 32-14.33 32-32v-32c0-17.67-14.33-32-32-32z\"><\/path><\/svg><br \/>\n\t\t\t\t\t\t\t\t<svg xmlns=\"http:\/\/www.w3.org\/2000\/svg\" viewbox=\"0 0 448 512\"><path d=\"M416 208H32c-17.67 0-32 14.33-32 32v32c0 17.67 14.33 32 32 32h384c17.67 0 32-14.33 32-32v-32c0-17.67-14.33-32-32-32z\"><\/path><\/svg><br \/>\n\t\t\t\t\t\t\t\t\t\t\t\t<a tabindex=\"0\">Faites-vous des exp\u00e9riences sur les animaux ?<\/a><\/p>\n<p>The Hedgehog Program ne dispose ni des installations ni des autorisations n\u00e9cessaires pour mener des exp\u00e9riences sur les animaux. Nos recherches sont non invasives : nous veillons \u00e0 ce qu\u2019elles ne nuisent pas aux animaux et ne les perturbent pas, ni ne les stressent. Bien s\u00fbr, nous devons parfois les manipuler pour effectuer des mesures, mais nous limitons ces interventions afin qu\u2019ils puissent ensuite \u00e9voluer librement dans leur habitat, sans assistance m\u00e9dicale.  <\/p>\n","protected":false},"excerpt":{"rendered":"<p>Qu&rsquo;est-ce que The Hedgehog Program? The Hedgehog Program est une entreprise individuelle qui se consacre \u00e0 la recherche et \u00e0 la sensibilisation sur les h\u00e9rissons et les tenrecs. Nous r\u00e9digeons des articles p\u00e9dagogiques, cr\u00e9ons des cours en ligne, menons des projets de recherche, collaborons \u00e0 des projets d&rsquo;\u00e9ducation \u00e0 la nature et de d\u00e9veloppement \u00e9cologique, [&hellip;]<\/p>\n","protected":false},"author":1,"featured_media":0,"parent":23899,"menu_order":0,"comment_status":"closed","ping_status":"closed","template":"","meta":{"_monsterinsights_skip_tracking":false,"_monsterinsights_sitenote_active":false,"_monsterinsights_sitenote_note":"","_monsterinsights_sitenote_category":0,"site-sidebar-layout":"default","site-content-layout":"","ast-site-content-layout":"default","site-content-style":"default","site-sidebar-style":"default","ast-global-header-display":"","ast-banner-title-visibility":"","ast-main-header-display":"","ast-hfb-above-header-display":"","ast-hfb-below-header-display":"","ast-hfb-mobile-header-display":"","site-post-title":"","ast-breadcrumbs-content":"","ast-featured-img":"","footer-sml-layout":"","ast-disable-related-posts":"","theme-transparent-header-meta":"","adv-header-id-meta":"","stick-header-meta":"","header-above-stick-meta":"","header-main-stick-meta":"","header-below-stick-meta":"","astra-migrate-meta-layouts":"default","ast-page-background-enabled":"default","ast-page-background-meta":{"desktop":{"background-color":"var(--ast-global-color-4)","background-image":"","background-repeat":"repeat","background-position":"center center","background-size":"auto","background-attachment":"scroll","background-type":"","background-media":"","overlay-type":"","overlay-color":"","overlay-opacity":"","overlay-gradient":""},"tablet":{"background-color":"","background-image":"","background-repeat":"repeat","background-position":"center center","background-size":"auto","background-attachment":"scroll","background-type":"","background-media":"","overlay-type":"","overlay-color":"","overlay-opacity":"","overlay-gradient":""},"mobile":{"background-color":"","background-image":"","background-repeat":"repeat","background-position":"center center","background-size":"auto","background-attachment":"scroll","background-type":"","background-media":"","overlay-type":"","overlay-color":"","overlay-opacity":"","overlay-gradient":""}},"ast-content-background-meta":{"desktop":{"background-color":"var(--ast-global-color-5)","background-image":"","background-repeat":"repeat","background-position":"center center","background-size":"auto","background-attachment":"scroll","background-type":"","background-media":"","overlay-type":"","overlay-color":"","overlay-opacity":"","overlay-gradient":""},"tablet":{"background-color":"var(--ast-global-color-5)","background-image":"","background-repeat":"repeat","background-position":"center center","background-size":"auto","background-attachment":"scroll","background-type":"","background-media":"","overlay-type":"","overlay-color":"","overlay-opacity":"","overlay-gradient":""},"mobile":{"background-color":"var(--ast-global-color-5)","background-image":"","background-repeat":"repeat","background-position":"center center","background-size":"auto","background-attachment":"scroll","background-type":"","background-media":"","overlay-type":"","overlay-color":"","overlay-opacity":"","overlay-gradient":""}},"footnotes":""},"class_list":["post-23935","page","type-page","status-publish","hentry"],"yoast_head":"<!-- This site is optimized with the Yoast SEO plugin v27.4 - https:\/\/yoast.com\/product\/yoast-seo-wordpress\/ -->\n<title>FAQ &#187; The Hedgehog Program<\/title>\n<meta name=\"robots\" content=\"index, follow, max-snippet:-1, max-image-preview:large, max-video-preview:-1\" \/>\n<link rel=\"canonical\" href=\"https:\/\/hedgehogprogram.com\/fr\/page-daccueil\/faq\/\" \/>\n<meta property=\"og:locale\" content=\"fr_FR\" \/>\n<meta property=\"og:type\" content=\"article\" \/>\n<meta property=\"og:title\" content=\"FAQ &#187; The Hedgehog Program\" \/>\n<meta property=\"og:description\" content=\"Qu&rsquo;est-ce que The Hedgehog Program? The Hedgehog Program est une entreprise individuelle qui se consacre \u00e0 la recherche et \u00e0 la sensibilisation sur les h\u00e9rissons et les tenrecs. Nous r\u00e9digeons des articles p\u00e9dagogiques, cr\u00e9ons des cours en ligne, menons des projets de recherche, collaborons \u00e0 des projets d&rsquo;\u00e9ducation \u00e0 la nature et de d\u00e9veloppement \u00e9cologique, [&hellip;]\" \/>\n<meta property=\"og:url\" content=\"https:\/\/hedgehogprogram.com\/fr\/page-daccueil\/faq\/\" \/>\n<meta property=\"og:site_name\" content=\"The Hedgehog Program\" \/>\n<meta property=\"article:publisher\" content=\"https:\/\/www.facebook.com\/hedgehogprogram\" \/>\n<meta property=\"og:image\" content=\"https:\/\/hedgehogprogram.com\/wp-content\/uploads\/2023\/03\/breed.jpg\" \/>\n\t<meta property=\"og:image:width\" content=\"990\" \/>\n\t<meta property=\"og:image:height\" content=\"575\" \/>\n\t<meta property=\"og:image:type\" content=\"image\/jpeg\" \/>\n<meta name=\"twitter:card\" content=\"summary_large_image\" \/>\n<meta name=\"twitter:label1\" content=\"Dur\u00e9e de lecture estim\u00e9e\" \/>\n\t<meta name=\"twitter:data1\" content=\"1 minute\" \/>\n<script type=\"application\/ld+json\" class=\"yoast-schema-graph\">{\"@context\":\"https:\\\/\\\/schema.org\",\"@graph\":[{\"@type\":\"WebPage\",\"@id\":\"https:\\\/\\\/hedgehogprogram.com\\\/fr\\\/page-daccueil\\\/faq\\\/\",\"url\":\"https:\\\/\\\/hedgehogprogram.com\\\/fr\\\/page-daccueil\\\/faq\\\/\",\"name\":\"FAQ &#187; The Hedgehog Program\",\"isPartOf\":{\"@id\":\"https:\\\/\\\/hedgehogprogram.com\\\/fr\\\/#website\"},\"datePublished\":\"2015-10-22T01:26:46+00:00\",\"breadcrumb\":{\"@id\":\"https:\\\/\\\/hedgehogprogram.com\\\/fr\\\/page-daccueil\\\/faq\\\/#breadcrumb\"},\"inLanguage\":\"fr-FR\",\"potentialAction\":[{\"@type\":\"ReadAction\",\"target\":[\"https:\\\/\\\/hedgehogprogram.com\\\/fr\\\/page-daccueil\\\/faq\\\/\"]}]},{\"@type\":\"BreadcrumbList\",\"@id\":\"https:\\\/\\\/hedgehogprogram.com\\\/fr\\\/page-daccueil\\\/faq\\\/#breadcrumb\",\"itemListElement\":[{\"@type\":\"ListItem\",\"position\":1,\"name\":\"Home\",\"item\":\"https:\\\/\\\/www.hedgehogprogram.com\\\/fr\\\/\"},{\"@type\":\"ListItem\",\"position\":2,\"name\":\"Accueil\",\"item\":\"https:\\\/\\\/www.hedgehogprogram.com\\\/fr\\\/\"},{\"@type\":\"ListItem\",\"position\":3,\"name\":\"FAQ\"}]},{\"@type\":\"WebSite\",\"@id\":\"https:\\\/\\\/hedgehogprogram.com\\\/fr\\\/#website\",\"url\":\"https:\\\/\\\/hedgehogprogram.com\\\/fr\\\/\",\"name\":\"The Hedgehog Program\",\"description\":\"The Hedgehog Program is an online platform of research and education about hedgehogs and tenrecs.\",\"publisher\":{\"@id\":\"https:\\\/\\\/hedgehogprogram.com\\\/fr\\\/#organization\"},\"alternateName\":\"THP\",\"potentialAction\":[{\"@type\":\"SearchAction\",\"target\":{\"@type\":\"EntryPoint\",\"urlTemplate\":\"https:\\\/\\\/hedgehogprogram.com\\\/fr\\\/?s={search_term_string}\"},\"query-input\":{\"@type\":\"PropertyValueSpecification\",\"valueRequired\":true,\"valueName\":\"search_term_string\"}}],\"inLanguage\":\"fr-FR\"},{\"@type\":\"Organization\",\"@id\":\"https:\\\/\\\/hedgehogprogram.com\\\/fr\\\/#organization\",\"name\":\"The Hedgehog Program\",\"alternateName\":\"THP\",\"url\":\"https:\\\/\\\/hedgehogprogram.com\\\/fr\\\/\",\"logo\":{\"@type\":\"ImageObject\",\"inLanguage\":\"fr-FR\",\"@id\":\"https:\\\/\\\/hedgehogprogram.com\\\/fr\\\/#\\\/schema\\\/logo\\\/image\\\/\",\"url\":\"https:\\\/\\\/www.hedgehogprogram.com\\\/wp-content\\\/uploads\\\/2022\\\/11\\\/logo-klein.png\",\"contentUrl\":\"https:\\\/\\\/www.hedgehogprogram.com\\\/wp-content\\\/uploads\\\/2022\\\/11\\\/logo-klein.png\",\"width\":250,\"height\":125,\"caption\":\"The Hedgehog Program\"},\"image\":{\"@id\":\"https:\\\/\\\/hedgehogprogram.com\\\/fr\\\/#\\\/schema\\\/logo\\\/image\\\/\"},\"sameAs\":[\"https:\\\/\\\/www.facebook.com\\\/hedgehogprogram\",\"https:\\\/\\\/www.linkedin.com\\\/company\\\/hedgehogprogram\\\/\",\"https:\\\/\\\/www.tiktok.com\\\/@hedgehogprogram\"]}]}<\/script>\n<!-- \/ Yoast SEO plugin. -->","yoast_head_json":{"title":"FAQ &#187; The Hedgehog Program","robots":{"index":"index","follow":"follow","max-snippet":"max-snippet:-1","max-image-preview":"max-image-preview:large","max-video-preview":"max-video-preview:-1"},"canonical":"https:\/\/hedgehogprogram.com\/fr\/page-daccueil\/faq\/","og_locale":"fr_FR","og_type":"article","og_title":"FAQ &#187; The Hedgehog Program","og_description":"Qu&rsquo;est-ce que The Hedgehog Program? The Hedgehog Program est une entreprise individuelle qui se consacre \u00e0 la recherche et \u00e0 la sensibilisation sur les h\u00e9rissons et les tenrecs. Nous r\u00e9digeons des articles p\u00e9dagogiques, cr\u00e9ons des cours en ligne, menons des projets de recherche, collaborons \u00e0 des projets d&rsquo;\u00e9ducation \u00e0 la nature et de d\u00e9veloppement \u00e9cologique, [&hellip;]","og_url":"https:\/\/hedgehogprogram.com\/fr\/page-daccueil\/faq\/","og_site_name":"The Hedgehog Program","article_publisher":"https:\/\/www.facebook.com\/hedgehogprogram","og_image":[{"width":990,"height":575,"url":"https:\/\/hedgehogprogram.com\/wp-content\/uploads\/2023\/03\/breed.jpg","type":"image\/jpeg"}],"twitter_card":"summary_large_image","twitter_misc":{"Dur\u00e9e de lecture estim\u00e9e":"1 minute"},"schema":{"@context":"https:\/\/schema.org","@graph":[{"@type":"WebPage","@id":"https:\/\/hedgehogprogram.com\/fr\/page-daccueil\/faq\/","url":"https:\/\/hedgehogprogram.com\/fr\/page-daccueil\/faq\/","name":"FAQ &#187; The Hedgehog Program","isPartOf":{"@id":"https:\/\/hedgehogprogram.com\/fr\/#website"},"datePublished":"2015-10-22T01:26:46+00:00","breadcrumb":{"@id":"https:\/\/hedgehogprogram.com\/fr\/page-daccueil\/faq\/#breadcrumb"},"inLanguage":"fr-FR","potentialAction":[{"@type":"ReadAction","target":["https:\/\/hedgehogprogram.com\/fr\/page-daccueil\/faq\/"]}]},{"@type":"BreadcrumbList","@id":"https:\/\/hedgehogprogram.com\/fr\/page-daccueil\/faq\/#breadcrumb","itemListElement":[{"@type":"ListItem","position":1,"name":"Home","item":"https:\/\/www.hedgehogprogram.com\/fr\/"},{"@type":"ListItem","position":2,"name":"Accueil","item":"https:\/\/www.hedgehogprogram.com\/fr\/"},{"@type":"ListItem","position":3,"name":"FAQ"}]},{"@type":"WebSite","@id":"https:\/\/hedgehogprogram.com\/fr\/#website","url":"https:\/\/hedgehogprogram.com\/fr\/","name":"The Hedgehog Program","description":"The Hedgehog Program is an online platform of research and education about hedgehogs and tenrecs.","publisher":{"@id":"https:\/\/hedgehogprogram.com\/fr\/#organization"},"alternateName":"THP","potentialAction":[{"@type":"SearchAction","target":{"@type":"EntryPoint","urlTemplate":"https:\/\/hedgehogprogram.com\/fr\/?s={search_term_string}"},"query-input":{"@type":"PropertyValueSpecification","valueRequired":true,"valueName":"search_term_string"}}],"inLanguage":"fr-FR"},{"@type":"Organization","@id":"https:\/\/hedgehogprogram.com\/fr\/#organization","name":"The Hedgehog Program","alternateName":"THP","url":"https:\/\/hedgehogprogram.com\/fr\/","logo":{"@type":"ImageObject","inLanguage":"fr-FR","@id":"https:\/\/hedgehogprogram.com\/fr\/#\/schema\/logo\/image\/","url":"https:\/\/www.hedgehogprogram.com\/wp-content\/uploads\/2022\/11\/logo-klein.png","contentUrl":"https:\/\/www.hedgehogprogram.com\/wp-content\/uploads\/2022\/11\/logo-klein.png","width":250,"height":125,"caption":"The Hedgehog Program"},"image":{"@id":"https:\/\/hedgehogprogram.com\/fr\/#\/schema\/logo\/image\/"},"sameAs":["https:\/\/www.facebook.com\/hedgehogprogram","https:\/\/www.linkedin.com\/company\/hedgehogprogram\/","https:\/\/www.tiktok.com\/@hedgehogprogram"]}]}},"_links":{"self":[{"href":"https:\/\/hedgehogprogram.com\/fr\/wp-json\/wp\/v2\/pages\/23935","targetHints":{"allow":["GET"]}}],"collection":[{"href":"https:\/\/hedgehogprogram.com\/fr\/wp-json\/wp\/v2\/pages"}],"about":[{"href":"https:\/\/hedgehogprogram.com\/fr\/wp-json\/wp\/v2\/types\/page"}],"author":[{"embeddable":true,"href":"https:\/\/hedgehogprogram.com\/fr\/wp-json\/wp\/v2\/users\/1"}],"replies":[{"embeddable":true,"href":"https:\/\/hedgehogprogram.com\/fr\/wp-json\/wp\/v2\/comments?post=23935"}],"version-history":[{"count":0,"href":"https:\/\/hedgehogprogram.com\/fr\/wp-json\/wp\/v2\/pages\/23935\/revisions"}],"up":[{"embeddable":true,"href":"https:\/\/hedgehogprogram.com\/fr\/wp-json\/wp\/v2\/pages\/23899"}],"wp:attachment":[{"href":"https:\/\/hedgehogprogram.com\/fr\/wp-json\/wp\/v2\/media?parent=23935"}],"curies":[{"name":"wp","href":"https:\/\/api.w.org\/{rel}","templated":true}]}}