{"id":24525,"date":"2025-11-18T14:31:32","date_gmt":"2025-11-18T13:31:32","guid":{"rendered":"https:\/\/hedgehogprogram.com\/herissons\/"},"modified":"2025-11-18T17:03:22","modified_gmt":"2025-11-18T16:03:22","slug":"herissons","status":"publish","type":"page","link":"https:\/\/hedgehogprogram.com\/fr\/herissons\/","title":{"rendered":"H\u00e9rissons"},"content":{"rendered":"\n<p>Pr\u00e9sentation des h\u00e9rissons \u00e0 travers le monde<\/p>\n\n<p>Section \u00ab En savoir plus \u00bb avec : lien vers les cours sur les h\u00e9rissons, lien vers les articles sur les esp\u00e8ces dans le centre de connaissances, lien vers \u00ab Comment s\u00e9curiser votre jardin pour les h\u00e9rissons \u00bb et cours sur les d\u00f4mes pour h\u00e9rissons. <\/p>\n\n<p>Questions fr\u00e9quentes sur les h\u00e9rissons (Les h\u00e9rissons sont-ils de bons animaux de compagnie ? Combien d\u2019esp\u00e8ces de h\u00e9rissons existe-t-il ? etc.)<\/p>\n\n<p><\/p>\n","protected":false},"excerpt":{"rendered":"<p>Pr\u00e9sentation des h\u00e9rissons \u00e0 travers le monde Section \u00ab En savoir plus \u00bb avec : lien vers les cours sur les h\u00e9rissons, lien vers les articles sur les esp\u00e8ces dans le centre de connaissances, lien vers \u00ab Comment s\u00e9curiser votre jardin pour les h\u00e9rissons \u00bb et cours sur les d\u00f4mes pour h\u00e9rissons. Questions fr\u00e9quentes sur [&hellip;]<\/p>\n","protected":false},"author":1,"featured_media":21086,"parent":0,"menu_order":0,"comment_status":"closed","ping_status":"closed","template":"","meta":{"_monsterinsights_skip_tracking":false,"_monsterinsights_sitenote_active":false,"_monsterinsights_sitenote_note":"","_monsterinsights_sitenote_category":0,"site-sidebar-layout":"default","site-content-layout":"","ast-site-content-layout":"default","site-content-style":"default","site-sidebar-style":"default","ast-global-header-display":"","ast-banner-title-visibility":"","ast-main-header-display":"","ast-hfb-above-header-display":"","ast-hfb-below-header-display":"","ast-hfb-mobile-header-display":"","site-post-title":"","ast-breadcrumbs-content":"","ast-featured-img":"","footer-sml-layout":"","ast-disable-related-posts":"","theme-transparent-header-meta":"","adv-header-id-meta":"","stick-header-meta":"","header-above-stick-meta":"","header-main-stick-meta":"","header-below-stick-meta":"","astra-migrate-meta-layouts":"default","ast-page-background-enabled":"default","ast-page-background-meta":{"desktop":{"background-color":"var(--ast-global-color-4)","background-image":"","background-repeat":"repeat","background-position":"center center","background-size":"auto","background-attachment":"scroll","background-type":"","background-media":"","overlay-type":"","overlay-color":"","overlay-opacity":"","overlay-gradient":""},"tablet":{"background-color":"","background-image":"","background-repeat":"repeat","background-position":"center center","background-size":"auto","background-attachment":"scroll","background-type":"","background-media":"","overlay-type":"","overlay-color":"","overlay-opacity":"","overlay-gradient":""},"mobile":{"background-color":"","background-image":"","background-repeat":"repeat","background-position":"center center","background-size":"auto","background-attachment":"scroll","background-type":"","background-media":"","overlay-type":"","overlay-color":"","overlay-opacity":"","overlay-gradient":""}},"ast-content-background-meta":{"desktop":{"background-color":"var(--ast-global-color-5)","background-image":"","background-repeat":"repeat","background-position":"center center","background-size":"auto","background-attachment":"scroll","background-type":"","background-media":"","overlay-type":"","overlay-color":"","overlay-opacity":"","overlay-gradient":""},"tablet":{"background-color":"var(--ast-global-color-5)","background-image":"","background-repeat":"repeat","background-position":"center center","background-size":"auto","background-attachment":"scroll","background-type":"","background-media":"","overlay-type":"","overlay-color":"","overlay-opacity":"","overlay-gradient":""},"mobile":{"background-color":"var(--ast-global-color-5)","background-image":"","background-repeat":"repeat","background-position":"center center","background-size":"auto","background-attachment":"scroll","background-type":"","background-media":"","overlay-type":"","overlay-color":"","overlay-opacity":"","overlay-gradient":""}},"footnotes":""},"class_list":["post-24525","page","type-page","status-publish","has-post-thumbnail","hentry"],"yoast_head":"<!-- This site is optimized with the Yoast SEO plugin v27.3 - https:\/\/yoast.com\/product\/yoast-seo-wordpress\/ -->\n<title>H\u00e9rissons &#187; The Hedgehog Program<\/title>\n<meta name=\"robots\" content=\"index, follow, max-snippet:-1, max-image-preview:large, max-video-preview:-1\" \/>\n<link rel=\"canonical\" href=\"https:\/\/hedgehogprogram.com\/fr\/herissons\/\" \/>\n<meta property=\"og:locale\" content=\"fr_FR\" \/>\n<meta property=\"og:type\" content=\"article\" \/>\n<meta property=\"og:title\" content=\"H\u00e9rissons &#187; The Hedgehog Program\" \/>\n<meta property=\"og:description\" content=\"Pr\u00e9sentation des h\u00e9rissons \u00e0 travers le monde Section \u00ab En savoir plus \u00bb avec : lien vers les cours sur les h\u00e9rissons, lien vers les articles sur les esp\u00e8ces dans le centre de connaissances, lien vers \u00ab Comment s\u00e9curiser votre jardin pour les h\u00e9rissons \u00bb et cours sur les d\u00f4mes pour h\u00e9rissons. Questions fr\u00e9quentes sur [&hellip;]\" \/>\n<meta property=\"og:url\" content=\"https:\/\/hedgehogprogram.com\/fr\/herissons\/\" \/>\n<meta property=\"og:site_name\" content=\"The Hedgehog Program\" \/>\n<meta property=\"article:publisher\" content=\"https:\/\/www.facebook.com\/hedgehogprogram\" \/>\n<meta property=\"article:modified_time\" content=\"2025-11-18T16:03:22+00:00\" \/>\n<meta property=\"og:image\" content=\"https:\/\/www.hedgehogprogram.com\/wp-content\/uploads\/2025\/07\/Paraechinus-hypomelas.jpg\" \/>\n\t<meta property=\"og:image:width\" content=\"902\" \/>\n\t<meta property=\"og:image:height\" content=\"560\" \/>\n\t<meta property=\"og:image:type\" content=\"image\/jpeg\" \/>\n<meta name=\"twitter:card\" content=\"summary_large_image\" \/>\n<script type=\"application\/ld+json\" class=\"yoast-schema-graph\">{\"@context\":\"https:\\\/\\\/schema.org\",\"@graph\":[{\"@type\":\"WebPage\",\"@id\":\"https:\\\/\\\/hedgehogprogram.com\\\/fr\\\/herissons\\\/\",\"url\":\"https:\\\/\\\/hedgehogprogram.com\\\/fr\\\/herissons\\\/\",\"name\":\"H\u00e9rissons &#187; The Hedgehog Program\",\"isPartOf\":{\"@id\":\"https:\\\/\\\/www.hedgehogprogram.com\\\/fr\\\/#website\"},\"primaryImageOfPage\":{\"@id\":\"https:\\\/\\\/hedgehogprogram.com\\\/fr\\\/herissons\\\/#primaryimage\"},\"image\":{\"@id\":\"https:\\\/\\\/hedgehogprogram.com\\\/fr\\\/herissons\\\/#primaryimage\"},\"thumbnailUrl\":\"https:\\\/\\\/hedgehogprogram.com\\\/wp-content\\\/uploads\\\/2025\\\/07\\\/Paraechinus-hypomelas.jpg\",\"datePublished\":\"2025-11-18T13:31:32+00:00\",\"dateModified\":\"2025-11-18T16:03:22+00:00\",\"breadcrumb\":{\"@id\":\"https:\\\/\\\/hedgehogprogram.com\\\/fr\\\/herissons\\\/#breadcrumb\"},\"inLanguage\":\"fr-FR\",\"potentialAction\":[{\"@type\":\"ReadAction\",\"target\":[\"https:\\\/\\\/hedgehogprogram.com\\\/fr\\\/herissons\\\/\"]}]},{\"@type\":\"ImageObject\",\"inLanguage\":\"fr-FR\",\"@id\":\"https:\\\/\\\/hedgehogprogram.com\\\/fr\\\/herissons\\\/#primaryimage\",\"url\":\"https:\\\/\\\/hedgehogprogram.com\\\/wp-content\\\/uploads\\\/2025\\\/07\\\/Paraechinus-hypomelas.jpg\",\"contentUrl\":\"https:\\\/\\\/hedgehogprogram.com\\\/wp-content\\\/uploads\\\/2025\\\/07\\\/Paraechinus-hypomelas.jpg\",\"width\":902,\"height\":560},{\"@type\":\"BreadcrumbList\",\"@id\":\"https:\\\/\\\/hedgehogprogram.com\\\/fr\\\/herissons\\\/#breadcrumb\",\"itemListElement\":[{\"@type\":\"ListItem\",\"position\":1,\"name\":\"Home\",\"item\":\"https:\\\/\\\/hedgehogprogram.com\\\/fr\\\/\"},{\"@type\":\"ListItem\",\"position\":2,\"name\":\"H\u00e9rissons\"}]},{\"@type\":\"WebSite\",\"@id\":\"https:\\\/\\\/www.hedgehogprogram.com\\\/fr\\\/#website\",\"url\":\"https:\\\/\\\/www.hedgehogprogram.com\\\/fr\\\/\",\"name\":\"The Hedgehog Program\",\"description\":\"The Hedgehog Program is an online platform of research and education about hedgehogs and tenrecs.\",\"publisher\":{\"@id\":\"https:\\\/\\\/www.hedgehogprogram.com\\\/fr\\\/#organization\"},\"alternateName\":\"THP\",\"potentialAction\":[{\"@type\":\"SearchAction\",\"target\":{\"@type\":\"EntryPoint\",\"urlTemplate\":\"https:\\\/\\\/www.hedgehogprogram.com\\\/fr\\\/?s={search_term_string}\"},\"query-input\":{\"@type\":\"PropertyValueSpecification\",\"valueRequired\":true,\"valueName\":\"search_term_string\"}}],\"inLanguage\":\"fr-FR\"},{\"@type\":\"Organization\",\"@id\":\"https:\\\/\\\/www.hedgehogprogram.com\\\/fr\\\/#organization\",\"name\":\"The Hedgehog Program\",\"alternateName\":\"THP\",\"url\":\"https:\\\/\\\/www.hedgehogprogram.com\\\/fr\\\/\",\"logo\":{\"@type\":\"ImageObject\",\"inLanguage\":\"fr-FR\",\"@id\":\"https:\\\/\\\/www.hedgehogprogram.com\\\/fr\\\/#\\\/schema\\\/logo\\\/image\\\/\",\"url\":\"https:\\\/\\\/www.hedgehogprogram.com\\\/wp-content\\\/uploads\\\/2022\\\/11\\\/logo-klein.png\",\"contentUrl\":\"https:\\\/\\\/www.hedgehogprogram.com\\\/wp-content\\\/uploads\\\/2022\\\/11\\\/logo-klein.png\",\"width\":250,\"height\":125,\"caption\":\"The Hedgehog Program\"},\"image\":{\"@id\":\"https:\\\/\\\/www.hedgehogprogram.com\\\/fr\\\/#\\\/schema\\\/logo\\\/image\\\/\"},\"sameAs\":[\"https:\\\/\\\/www.facebook.com\\\/hedgehogprogram\",\"https:\\\/\\\/www.linkedin.com\\\/company\\\/hedgehogprogram\\\/\",\"https:\\\/\\\/www.tiktok.com\\\/@hedgehogprogram\"]}]}<\/script>\n<!-- \/ Yoast SEO plugin. -->","yoast_head_json":{"title":"H\u00e9rissons &#187; The Hedgehog Program","robots":{"index":"index","follow":"follow","max-snippet":"max-snippet:-1","max-image-preview":"max-image-preview:large","max-video-preview":"max-video-preview:-1"},"canonical":"https:\/\/hedgehogprogram.com\/fr\/herissons\/","og_locale":"fr_FR","og_type":"article","og_title":"H\u00e9rissons &#187; The Hedgehog Program","og_description":"Pr\u00e9sentation des h\u00e9rissons \u00e0 travers le monde Section \u00ab En savoir plus \u00bb avec : lien vers les cours sur les h\u00e9rissons, lien vers les articles sur les esp\u00e8ces dans le centre de connaissances, lien vers \u00ab Comment s\u00e9curiser votre jardin pour les h\u00e9rissons \u00bb et cours sur les d\u00f4mes pour h\u00e9rissons. Questions fr\u00e9quentes sur [&hellip;]","og_url":"https:\/\/hedgehogprogram.com\/fr\/herissons\/","og_site_name":"The Hedgehog Program","article_publisher":"https:\/\/www.facebook.com\/hedgehogprogram","article_modified_time":"2025-11-18T16:03:22+00:00","og_image":[{"width":902,"height":560,"url":"https:\/\/www.hedgehogprogram.com\/wp-content\/uploads\/2025\/07\/Paraechinus-hypomelas.jpg","type":"image\/jpeg"}],"twitter_card":"summary_large_image","schema":{"@context":"https:\/\/schema.org","@graph":[{"@type":"WebPage","@id":"https:\/\/hedgehogprogram.com\/fr\/herissons\/","url":"https:\/\/hedgehogprogram.com\/fr\/herissons\/","name":"H\u00e9rissons &#187; The Hedgehog Program","isPartOf":{"@id":"https:\/\/www.hedgehogprogram.com\/fr\/#website"},"primaryImageOfPage":{"@id":"https:\/\/hedgehogprogram.com\/fr\/herissons\/#primaryimage"},"image":{"@id":"https:\/\/hedgehogprogram.com\/fr\/herissons\/#primaryimage"},"thumbnailUrl":"https:\/\/hedgehogprogram.com\/wp-content\/uploads\/2025\/07\/Paraechinus-hypomelas.jpg","datePublished":"2025-11-18T13:31:32+00:00","dateModified":"2025-11-18T16:03:22+00:00","breadcrumb":{"@id":"https:\/\/hedgehogprogram.com\/fr\/herissons\/#breadcrumb"},"inLanguage":"fr-FR","potentialAction":[{"@type":"ReadAction","target":["https:\/\/hedgehogprogram.com\/fr\/herissons\/"]}]},{"@type":"ImageObject","inLanguage":"fr-FR","@id":"https:\/\/hedgehogprogram.com\/fr\/herissons\/#primaryimage","url":"https:\/\/hedgehogprogram.com\/wp-content\/uploads\/2025\/07\/Paraechinus-hypomelas.jpg","contentUrl":"https:\/\/hedgehogprogram.com\/wp-content\/uploads\/2025\/07\/Paraechinus-hypomelas.jpg","width":902,"height":560},{"@type":"BreadcrumbList","@id":"https:\/\/hedgehogprogram.com\/fr\/herissons\/#breadcrumb","itemListElement":[{"@type":"ListItem","position":1,"name":"Home","item":"https:\/\/hedgehogprogram.com\/fr\/"},{"@type":"ListItem","position":2,"name":"H\u00e9rissons"}]},{"@type":"WebSite","@id":"https:\/\/www.hedgehogprogram.com\/fr\/#website","url":"https:\/\/www.hedgehogprogram.com\/fr\/","name":"The Hedgehog Program","description":"The Hedgehog Program is an online platform of research and education about hedgehogs and tenrecs.","publisher":{"@id":"https:\/\/www.hedgehogprogram.com\/fr\/#organization"},"alternateName":"THP","potentialAction":[{"@type":"SearchAction","target":{"@type":"EntryPoint","urlTemplate":"https:\/\/www.hedgehogprogram.com\/fr\/?s={search_term_string}"},"query-input":{"@type":"PropertyValueSpecification","valueRequired":true,"valueName":"search_term_string"}}],"inLanguage":"fr-FR"},{"@type":"Organization","@id":"https:\/\/www.hedgehogprogram.com\/fr\/#organization","name":"The Hedgehog Program","alternateName":"THP","url":"https:\/\/www.hedgehogprogram.com\/fr\/","logo":{"@type":"ImageObject","inLanguage":"fr-FR","@id":"https:\/\/www.hedgehogprogram.com\/fr\/#\/schema\/logo\/image\/","url":"https:\/\/www.hedgehogprogram.com\/wp-content\/uploads\/2022\/11\/logo-klein.png","contentUrl":"https:\/\/www.hedgehogprogram.com\/wp-content\/uploads\/2022\/11\/logo-klein.png","width":250,"height":125,"caption":"The Hedgehog Program"},"image":{"@id":"https:\/\/www.hedgehogprogram.com\/fr\/#\/schema\/logo\/image\/"},"sameAs":["https:\/\/www.facebook.com\/hedgehogprogram","https:\/\/www.linkedin.com\/company\/hedgehogprogram\/","https:\/\/www.tiktok.com\/@hedgehogprogram"]}]}},"_links":{"self":[{"href":"https:\/\/hedgehogprogram.com\/fr\/wp-json\/wp\/v2\/pages\/24525","targetHints":{"allow":["GET"]}}],"collection":[{"href":"https:\/\/hedgehogprogram.com\/fr\/wp-json\/wp\/v2\/pages"}],"about":[{"href":"https:\/\/hedgehogprogram.com\/fr\/wp-json\/wp\/v2\/types\/page"}],"author":[{"embeddable":true,"href":"https:\/\/hedgehogprogram.com\/fr\/wp-json\/wp\/v2\/users\/1"}],"replies":[{"embeddable":true,"href":"https:\/\/hedgehogprogram.com\/fr\/wp-json\/wp\/v2\/comments?post=24525"}],"version-history":[{"count":0,"href":"https:\/\/hedgehogprogram.com\/fr\/wp-json\/wp\/v2\/pages\/24525\/revisions"}],"wp:featuredmedia":[{"embeddable":true,"href":"https:\/\/hedgehogprogram.com\/fr\/wp-json\/wp\/v2\/media\/21086"}],"wp:attachment":[{"href":"https:\/\/hedgehogprogram.com\/fr\/wp-json\/wp\/v2\/media?parent=24525"}],"curies":[{"name":"wp","href":"https:\/\/api.w.org\/{rel}","templated":true}]}}