{"id":25409,"date":"2025-09-14T18:35:24","date_gmt":"2025-09-14T16:35:24","guid":{"rendered":"https:\/\/hedgehogprogram.com\/shop\/non%20class\u00e9\/livret-pdf-lelevage-manuel-des-tenrecs-un-guide-etape-par-etape\/"},"modified":"2026-03-24T19:58:47","modified_gmt":"2026-03-24T18:58:47","slug":"livret-pdf-lelevage-manuel-des-tenrecs-un-guide-etape-par-etape","status":"publish","type":"product","link":"https:\/\/hedgehogprogram.com\/fr\/shop\/brochures\/livret-pdf-lelevage-manuel-des-tenrecs-un-guide-etape-par-etape\/","title":{"rendered":"Livret PDF &#8211; L&rsquo;\u00e9levage manuel des tenrecs, un guide \u00e9tape par \u00e9tape"},"content":{"rendered":"<p>\u00ab \u00c9lever des tenrecs \u00e0 la main : un guide pratique \u00e9tape par \u00e9tape \u00bb est un livret PDF complet et pratique. Il s&rsquo;adresse \u00e0 toute personne impliqu\u00e9e dans les soins des tenrecs orphelins, abandonn\u00e9s ou recueillis. Que vous soyez \u00e9leveur, soigneur d&rsquo;animaux sauvages, b\u00e9n\u00e9vole dans un centre de sauvetage ou simple particulier ayant trouv\u00e9 un tenrec en d\u00e9tresse, ce guide vous apporte un soutien clair et structur\u00e9 pour vous aider \u00e0 prendre les bonnes d\u00e9cisions d\u00e8s le d\u00e9part.   <\/p>\n<p>L\u2019\u00e9levage \u00e0 la main des tenrecs est d\u00e9licat et souvent complexe. Leur petite taille, leurs besoins nutritionnels sp\u00e9cifiques et leur sensibilit\u00e9 au stress exigent des soins appropri\u00e9s pour assurer leur survie. Ce guide traduit les exigences complexes en un syst\u00e8me clair et facile \u00e0 suivre, vous permettant d\u2019agir avec assurance, m\u00eame en cas d\u2019urgence.  <\/p>\n<p>Ce guide repose sur une m\u00e9thode d&rsquo;\u00e9levage \u00e0 la main en 12 \u00e9tapes, d\u00e9taill\u00e9e et couvrant chaque phase du processus : de l&rsquo;ingestion initiale et la stabilisation \u00e0 l&rsquo;alimentation, au d\u00e9veloppement et \u00e0 la remise en libert\u00e9. Chaque \u00e9tape est expliqu\u00e9e de mani\u00e8re logique, vous permettant de comprendre non seulement ce qu&rsquo;il faut faire, mais aussi pourquoi c&rsquo;est important. <\/p>\n<h4>Ce que vous trouverez<\/h4>\n<p>Dans le guide \u00ab \u00c9levage \u00e0 la main des tenrecs : un guide \u00e9tape par \u00e9tape \u00bb, vous trouverez :<\/p>\n<ul>\n<li>Un protocole complet d&rsquo;\u00e9ducation manuelle \u00e9tape par \u00e9tape<\/li>\n<li>Une liste pratique des fournitures essentielles, pour \u00eatre toujours pr\u00eat<\/li>\n<li>Conseils sur les techniques d&rsquo;alimentation, les horaires et les besoins nutritionnels<\/li>\n<li>Des instructions claires concernant l&rsquo;hygi\u00e8ne, le contr\u00f4le de la temp\u00e9rature et le logement s\u00fbr<\/li>\n<li>M\u00e9thodes de suivi de la croissance, du poids et de l&rsquo;\u00e9tat de sant\u00e9 g\u00e9n\u00e9ral<\/li>\n<li>Signes avant-coureurs de complications et comment y r\u00e9agir efficacement<\/li>\n<li>Conseils d&rsquo;experts pour \u00e9viter les erreurs courantes qui peuvent r\u00e9duire les chances de survie<\/li>\n<\/ul>\n<p>Ce guide est con\u00e7u pour \u00eatre \u00e0 la fois accessible aux d\u00e9butants et pr\u00e9cieux pour les aidants exp\u00e9riment\u00e9s, ce qui en fait une r\u00e9f\u00e9rence fiable \u00e0 laquelle vous pourrez vous r\u00e9f\u00e9rer en cas de besoin.<\/p>\n<p>Disponible en t\u00e9l\u00e9chargement imm\u00e9diat au format PDF, ce livret est accessible instantan\u00e9ment sur votre t\u00e9l\u00e9phone, tablette ou ordinateur. Id\u00e9al pour une utilisation en situation de soins en temps r\u00e9el. <\/p>\n<p>Si vous souhaitez offrir aux tenrecs orphelins le meilleur d\u00e9part possible et am\u00e9liorer consid\u00e9rablement leurs chances de survie, ce guide vous offre la clart\u00e9, la structure et la confiance dont vous avez besoin.<\/p>\n","protected":false},"excerpt":{"rendered":"<p>\u00ab \u00c9lever des tenrecs \u00e0 la main : un guide pratique \u00bb est un livret PDF complet et pratique destin\u00e9 \u00e0 toute personne s\u2019occupant de tenrecs orphelins, abandonn\u00e9s ou recueillis. Que vous soyez \u00e9leveur, soigneur d\u2019animaux sauvages, b\u00e9n\u00e9vole dans un centre de sauvetage ou simplement une personne ayant trouv\u00e9 un tenrec en d\u00e9tresse, ce guide vous apporte un soutien clair et structur\u00e9 pour vous aider \u00e0 prendre les bonnes d\u00e9cisions d\u00e8s le d\u00e9part. <\/p>\n","protected":false},"featured_media":22959,"template":"","meta":{"_monsterinsights_skip_tracking":false,"_monsterinsights_sitenote_active":false,"_monsterinsights_sitenote_note":"","_monsterinsights_sitenote_category":0,"site-sidebar-layout":"default","site-content-layout":"","ast-site-content-layout":"default","site-content-style":"default","site-sidebar-style":"default","ast-global-header-display":"","ast-banner-title-visibility":"","ast-main-header-display":"","ast-hfb-above-header-display":"","ast-hfb-below-header-display":"","ast-hfb-mobile-header-display":"","site-post-title":"","ast-breadcrumbs-content":"","ast-featured-img":"","footer-sml-layout":"","ast-disable-related-posts":"","theme-transparent-header-meta":"default","adv-header-id-meta":"","stick-header-meta":"","header-above-stick-meta":"","header-main-stick-meta":"","header-below-stick-meta":"","astra-migrate-meta-layouts":"default","ast-page-background-enabled":"default","ast-page-background-meta":{"desktop":{"background-color":"var(--ast-global-color-4)","background-image":"","background-repeat":"repeat","background-position":"center center","background-size":"auto","background-attachment":"scroll","background-type":"","background-media":"","overlay-type":"","overlay-color":"","overlay-opacity":"","overlay-gradient":""},"tablet":{"background-color":"","background-image":"","background-repeat":"repeat","background-position":"center center","background-size":"auto","background-attachment":"scroll","background-type":"","background-media":"","overlay-type":"","overlay-color":"","overlay-opacity":"","overlay-gradient":""},"mobile":{"background-color":"","background-image":"","background-repeat":"repeat","background-position":"center center","background-size":"auto","background-attachment":"scroll","background-type":"","background-media":"","overlay-type":"","overlay-color":"","overlay-opacity":"","overlay-gradient":""}},"ast-content-background-meta":{"desktop":{"background-color":"var(--ast-global-color-5)","background-image":"","background-repeat":"repeat","background-position":"center center","background-size":"auto","background-attachment":"scroll","background-type":"","background-media":"","overlay-type":"","overlay-color":"","overlay-opacity":"","overlay-gradient":""},"tablet":{"background-color":"var(--ast-global-color-5)","background-image":"","background-repeat":"repeat","background-position":"center center","background-size":"auto","background-attachment":"scroll","background-type":"","background-media":"","overlay-type":"","overlay-color":"","overlay-opacity":"","overlay-gradient":""},"mobile":{"background-color":"var(--ast-global-color-5)","background-image":"","background-repeat":"repeat","background-position":"center center","background-size":"auto","background-attachment":"scroll","background-type":"","background-media":"","overlay-type":"","overlay-color":"","overlay-opacity":"","overlay-gradient":""}}},"product_brand":[],"product_cat":[631],"product_tag":[],"class_list":{"0":"post-25409","1":"product","2":"type-product","3":"status-publish","4":"has-post-thumbnail","6":"product_cat-brochures","7":"desktop-align-left","8":"tablet-align-left","9":"mobile-align-left","11":"first","12":"instock","13":"downloadable","14":"virtual","15":"sold-individually","16":"taxable","17":"purchasable","18":"product-type-simple"},"yoast_head":"<!-- This site is optimized with the Yoast SEO plugin v27.3 - https:\/\/yoast.com\/product\/yoast-seo-wordpress\/ -->\n<title>Livret PDF - L&#039;\u00e9levage manuel des tenrecs, un guide \u00e9tape par \u00e9tape &#187; The Hedgehog Program<\/title>\n<meta name=\"description\" content=\"Un guide PDF pour \u00e9lever \u00e0 la main les b\u00e9b\u00e9s tenrecs : avec des instructions \u00e9tape par \u00e9tape, des conseils sur l\u2019alimentation, les soins et la survie des jeunes tenrecs.\" \/>\n<meta name=\"robots\" content=\"index, follow, max-snippet:-1, max-image-preview:large, max-video-preview:-1\" \/>\n<link rel=\"canonical\" href=\"https:\/\/hedgehogprogram.com\/fr\/shop\/brochures\/livret-pdf-lelevage-manuel-des-tenrecs-un-guide-etape-par-etape\/\" \/>\n<meta property=\"og:locale\" content=\"fr_FR\" \/>\n<meta property=\"og:type\" content=\"article\" \/>\n<meta property=\"og:title\" content=\"Livret PDF - L&#039;\u00e9levage manuel des tenrecs, un guide \u00e9tape par \u00e9tape &#187; The Hedgehog Program\" \/>\n<meta property=\"og:description\" content=\"Un guide PDF pour \u00e9lever \u00e0 la main les b\u00e9b\u00e9s tenrecs : avec des instructions \u00e9tape par \u00e9tape, des conseils sur l\u2019alimentation, les soins et la survie des jeunes tenrecs.\" \/>\n<meta property=\"og:url\" content=\"https:\/\/hedgehogprogram.com\/fr\/shop\/brochures\/livret-pdf-lelevage-manuel-des-tenrecs-un-guide-etape-par-etape\/\" \/>\n<meta property=\"og:site_name\" content=\"The Hedgehog Program\" \/>\n<meta property=\"article:publisher\" content=\"https:\/\/www.facebook.com\/hedgehogprogram\" \/>\n<meta property=\"article:modified_time\" content=\"2026-03-24T18:58:47+00:00\" \/>\n<meta property=\"og:image\" content=\"https:\/\/hedgehogprogram.com\/wp-content\/uploads\/2025\/08\/IMG_9525.jpg\" \/>\n\t<meta property=\"og:image:width\" content=\"1200\" \/>\n\t<meta property=\"og:image:height\" content=\"800\" \/>\n\t<meta property=\"og:image:type\" content=\"image\/jpeg\" \/>\n<meta name=\"twitter:card\" content=\"summary_large_image\" \/>\n<meta name=\"twitter:label1\" content=\"Dur\u00e9e de lecture estim\u00e9e\" \/>\n\t<meta name=\"twitter:data1\" content=\"2 minutes\" \/>\n<script type=\"application\/ld+json\" class=\"yoast-schema-graph\">{\"@context\":\"https:\\\/\\\/schema.org\",\"@graph\":[{\"@type\":\"WebPage\",\"@id\":\"https:\\\/\\\/hedgehogprogram.com\\\/fr\\\/shop\\\/brochures\\\/livret-pdf-lelevage-manuel-des-tenrecs-un-guide-etape-par-etape\\\/\",\"url\":\"https:\\\/\\\/hedgehogprogram.com\\\/fr\\\/shop\\\/brochures\\\/livret-pdf-lelevage-manuel-des-tenrecs-un-guide-etape-par-etape\\\/\",\"name\":\"Livret PDF - L'\u00e9levage manuel des tenrecs, un guide \u00e9tape par \u00e9tape &#187; The Hedgehog Program\",\"isPartOf\":{\"@id\":\"https:\\\/\\\/www.hedgehogprogram.com\\\/fr\\\/#website\"},\"primaryImageOfPage\":{\"@id\":\"https:\\\/\\\/hedgehogprogram.com\\\/fr\\\/shop\\\/brochures\\\/livret-pdf-lelevage-manuel-des-tenrecs-un-guide-etape-par-etape\\\/#primaryimage\"},\"image\":{\"@id\":\"https:\\\/\\\/hedgehogprogram.com\\\/fr\\\/shop\\\/brochures\\\/livret-pdf-lelevage-manuel-des-tenrecs-un-guide-etape-par-etape\\\/#primaryimage\"},\"thumbnailUrl\":\"https:\\\/\\\/hedgehogprogram.com\\\/wp-content\\\/uploads\\\/2025\\\/08\\\/IMG_9525.jpg\",\"datePublished\":\"2025-09-14T16:35:24+00:00\",\"dateModified\":\"2026-03-24T18:58:47+00:00\",\"description\":\"Un guide PDF pour \u00e9lever \u00e0 la main les b\u00e9b\u00e9s tenrecs : avec des instructions \u00e9tape par \u00e9tape, des conseils sur l\u2019alimentation, les soins et la survie des jeunes tenrecs.\",\"breadcrumb\":{\"@id\":\"https:\\\/\\\/hedgehogprogram.com\\\/fr\\\/shop\\\/brochures\\\/livret-pdf-lelevage-manuel-des-tenrecs-un-guide-etape-par-etape\\\/#breadcrumb\"},\"inLanguage\":\"fr-FR\",\"potentialAction\":[{\"@type\":\"ReadAction\",\"target\":[\"https:\\\/\\\/hedgehogprogram.com\\\/fr\\\/shop\\\/brochures\\\/livret-pdf-lelevage-manuel-des-tenrecs-un-guide-etape-par-etape\\\/\"]}]},{\"@type\":\"ImageObject\",\"inLanguage\":\"fr-FR\",\"@id\":\"https:\\\/\\\/hedgehogprogram.com\\\/fr\\\/shop\\\/brochures\\\/livret-pdf-lelevage-manuel-des-tenrecs-un-guide-etape-par-etape\\\/#primaryimage\",\"url\":\"https:\\\/\\\/hedgehogprogram.com\\\/wp-content\\\/uploads\\\/2025\\\/08\\\/IMG_9525.jpg\",\"contentUrl\":\"https:\\\/\\\/hedgehogprogram.com\\\/wp-content\\\/uploads\\\/2025\\\/08\\\/IMG_9525.jpg\",\"width\":1200,\"height\":800,\"caption\":\"\u00e9levage\"},{\"@type\":\"BreadcrumbList\",\"@id\":\"https:\\\/\\\/hedgehogprogram.com\\\/fr\\\/shop\\\/brochures\\\/livret-pdf-lelevage-manuel-des-tenrecs-un-guide-etape-par-etape\\\/#breadcrumb\",\"itemListElement\":[{\"@type\":\"ListItem\",\"position\":1,\"name\":\"Home\",\"item\":\"https:\\\/\\\/www.hedgehogprogram.com\\\/fr\\\/\"},{\"@type\":\"ListItem\",\"position\":2,\"name\":\"Boutique\",\"item\":\"https:\\\/\\\/hedgehogprogram.com\\\/fr\\\/boutique\\\/\"},{\"@type\":\"ListItem\",\"position\":3,\"name\":\"Livret PDF &#8211; L&rsquo;\u00e9levage manuel des tenrecs, un guide \u00e9tape par \u00e9tape\"}]},{\"@type\":\"WebSite\",\"@id\":\"https:\\\/\\\/www.hedgehogprogram.com\\\/fr\\\/#website\",\"url\":\"https:\\\/\\\/www.hedgehogprogram.com\\\/fr\\\/\",\"name\":\"The Hedgehog Program\",\"description\":\"The Hedgehog Program is an online platform of research and education about hedgehogs and tenrecs.\",\"publisher\":{\"@id\":\"https:\\\/\\\/www.hedgehogprogram.com\\\/fr\\\/#organization\"},\"alternateName\":\"THP\",\"potentialAction\":[{\"@type\":\"SearchAction\",\"target\":{\"@type\":\"EntryPoint\",\"urlTemplate\":\"https:\\\/\\\/www.hedgehogprogram.com\\\/fr\\\/?s={search_term_string}\"},\"query-input\":{\"@type\":\"PropertyValueSpecification\",\"valueRequired\":true,\"valueName\":\"search_term_string\"}}],\"inLanguage\":\"fr-FR\"},{\"@type\":\"Organization\",\"@id\":\"https:\\\/\\\/www.hedgehogprogram.com\\\/fr\\\/#organization\",\"name\":\"The Hedgehog Program\",\"alternateName\":\"THP\",\"url\":\"https:\\\/\\\/www.hedgehogprogram.com\\\/fr\\\/\",\"logo\":{\"@type\":\"ImageObject\",\"inLanguage\":\"fr-FR\",\"@id\":\"https:\\\/\\\/www.hedgehogprogram.com\\\/fr\\\/#\\\/schema\\\/logo\\\/image\\\/\",\"url\":\"https:\\\/\\\/www.hedgehogprogram.com\\\/wp-content\\\/uploads\\\/2022\\\/11\\\/logo-klein.png\",\"contentUrl\":\"https:\\\/\\\/www.hedgehogprogram.com\\\/wp-content\\\/uploads\\\/2022\\\/11\\\/logo-klein.png\",\"width\":250,\"height\":125,\"caption\":\"The Hedgehog Program\"},\"image\":{\"@id\":\"https:\\\/\\\/www.hedgehogprogram.com\\\/fr\\\/#\\\/schema\\\/logo\\\/image\\\/\"},\"sameAs\":[\"https:\\\/\\\/www.facebook.com\\\/hedgehogprogram\",\"https:\\\/\\\/www.linkedin.com\\\/company\\\/hedgehogprogram\\\/\",\"https:\\\/\\\/www.tiktok.com\\\/@hedgehogprogram\"]}]}<\/script>\n<!-- \/ Yoast SEO plugin. -->","yoast_head_json":{"title":"Livret PDF - L'\u00e9levage manuel des tenrecs, un guide \u00e9tape par \u00e9tape &#187; The Hedgehog Program","description":"Un guide PDF pour \u00e9lever \u00e0 la main les b\u00e9b\u00e9s tenrecs : avec des instructions \u00e9tape par \u00e9tape, des conseils sur l\u2019alimentation, les soins et la survie des jeunes tenrecs.","robots":{"index":"index","follow":"follow","max-snippet":"max-snippet:-1","max-image-preview":"max-image-preview:large","max-video-preview":"max-video-preview:-1"},"canonical":"https:\/\/hedgehogprogram.com\/fr\/shop\/brochures\/livret-pdf-lelevage-manuel-des-tenrecs-un-guide-etape-par-etape\/","og_locale":"fr_FR","og_type":"article","og_title":"Livret PDF - L'\u00e9levage manuel des tenrecs, un guide \u00e9tape par \u00e9tape &#187; The Hedgehog Program","og_description":"Un guide PDF pour \u00e9lever \u00e0 la main les b\u00e9b\u00e9s tenrecs : avec des instructions \u00e9tape par \u00e9tape, des conseils sur l\u2019alimentation, les soins et la survie des jeunes tenrecs.","og_url":"https:\/\/hedgehogprogram.com\/fr\/shop\/brochures\/livret-pdf-lelevage-manuel-des-tenrecs-un-guide-etape-par-etape\/","og_site_name":"The Hedgehog Program","article_publisher":"https:\/\/www.facebook.com\/hedgehogprogram","article_modified_time":"2026-03-24T18:58:47+00:00","og_image":[{"width":1200,"height":800,"url":"https:\/\/hedgehogprogram.com\/wp-content\/uploads\/2025\/08\/IMG_9525.jpg","type":"image\/jpeg"}],"twitter_card":"summary_large_image","twitter_misc":{"Dur\u00e9e de lecture estim\u00e9e":"2 minutes"},"schema":{"@context":"https:\/\/schema.org","@graph":[{"@type":"WebPage","@id":"https:\/\/hedgehogprogram.com\/fr\/shop\/brochures\/livret-pdf-lelevage-manuel-des-tenrecs-un-guide-etape-par-etape\/","url":"https:\/\/hedgehogprogram.com\/fr\/shop\/brochures\/livret-pdf-lelevage-manuel-des-tenrecs-un-guide-etape-par-etape\/","name":"Livret PDF - L'\u00e9levage manuel des tenrecs, un guide \u00e9tape par \u00e9tape &#187; The Hedgehog Program","isPartOf":{"@id":"https:\/\/www.hedgehogprogram.com\/fr\/#website"},"primaryImageOfPage":{"@id":"https:\/\/hedgehogprogram.com\/fr\/shop\/brochures\/livret-pdf-lelevage-manuel-des-tenrecs-un-guide-etape-par-etape\/#primaryimage"},"image":{"@id":"https:\/\/hedgehogprogram.com\/fr\/shop\/brochures\/livret-pdf-lelevage-manuel-des-tenrecs-un-guide-etape-par-etape\/#primaryimage"},"thumbnailUrl":"https:\/\/hedgehogprogram.com\/wp-content\/uploads\/2025\/08\/IMG_9525.jpg","datePublished":"2025-09-14T16:35:24+00:00","dateModified":"2026-03-24T18:58:47+00:00","description":"Un guide PDF pour \u00e9lever \u00e0 la main les b\u00e9b\u00e9s tenrecs : avec des instructions \u00e9tape par \u00e9tape, des conseils sur l\u2019alimentation, les soins et la survie des jeunes tenrecs.","breadcrumb":{"@id":"https:\/\/hedgehogprogram.com\/fr\/shop\/brochures\/livret-pdf-lelevage-manuel-des-tenrecs-un-guide-etape-par-etape\/#breadcrumb"},"inLanguage":"fr-FR","potentialAction":[{"@type":"ReadAction","target":["https:\/\/hedgehogprogram.com\/fr\/shop\/brochures\/livret-pdf-lelevage-manuel-des-tenrecs-un-guide-etape-par-etape\/"]}]},{"@type":"ImageObject","inLanguage":"fr-FR","@id":"https:\/\/hedgehogprogram.com\/fr\/shop\/brochures\/livret-pdf-lelevage-manuel-des-tenrecs-un-guide-etape-par-etape\/#primaryimage","url":"https:\/\/hedgehogprogram.com\/wp-content\/uploads\/2025\/08\/IMG_9525.jpg","contentUrl":"https:\/\/hedgehogprogram.com\/wp-content\/uploads\/2025\/08\/IMG_9525.jpg","width":1200,"height":800,"caption":"\u00e9levage"},{"@type":"BreadcrumbList","@id":"https:\/\/hedgehogprogram.com\/fr\/shop\/brochures\/livret-pdf-lelevage-manuel-des-tenrecs-un-guide-etape-par-etape\/#breadcrumb","itemListElement":[{"@type":"ListItem","position":1,"name":"Home","item":"https:\/\/www.hedgehogprogram.com\/fr\/"},{"@type":"ListItem","position":2,"name":"Boutique","item":"https:\/\/hedgehogprogram.com\/fr\/boutique\/"},{"@type":"ListItem","position":3,"name":"Livret PDF &#8211; L&rsquo;\u00e9levage manuel des tenrecs, un guide \u00e9tape par \u00e9tape"}]},{"@type":"WebSite","@id":"https:\/\/www.hedgehogprogram.com\/fr\/#website","url":"https:\/\/www.hedgehogprogram.com\/fr\/","name":"The Hedgehog Program","description":"The Hedgehog Program is an online platform of research and education about hedgehogs and tenrecs.","publisher":{"@id":"https:\/\/www.hedgehogprogram.com\/fr\/#organization"},"alternateName":"THP","potentialAction":[{"@type":"SearchAction","target":{"@type":"EntryPoint","urlTemplate":"https:\/\/www.hedgehogprogram.com\/fr\/?s={search_term_string}"},"query-input":{"@type":"PropertyValueSpecification","valueRequired":true,"valueName":"search_term_string"}}],"inLanguage":"fr-FR"},{"@type":"Organization","@id":"https:\/\/www.hedgehogprogram.com\/fr\/#organization","name":"The Hedgehog Program","alternateName":"THP","url":"https:\/\/www.hedgehogprogram.com\/fr\/","logo":{"@type":"ImageObject","inLanguage":"fr-FR","@id":"https:\/\/www.hedgehogprogram.com\/fr\/#\/schema\/logo\/image\/","url":"https:\/\/www.hedgehogprogram.com\/wp-content\/uploads\/2022\/11\/logo-klein.png","contentUrl":"https:\/\/www.hedgehogprogram.com\/wp-content\/uploads\/2022\/11\/logo-klein.png","width":250,"height":125,"caption":"The Hedgehog Program"},"image":{"@id":"https:\/\/www.hedgehogprogram.com\/fr\/#\/schema\/logo\/image\/"},"sameAs":["https:\/\/www.facebook.com\/hedgehogprogram","https:\/\/www.linkedin.com\/company\/hedgehogprogram\/","https:\/\/www.tiktok.com\/@hedgehogprogram"]}]}},"_links":{"self":[{"href":"https:\/\/hedgehogprogram.com\/fr\/wp-json\/wp\/v2\/product\/25409","targetHints":{"allow":["GET"]}}],"collection":[{"href":"https:\/\/hedgehogprogram.com\/fr\/wp-json\/wp\/v2\/product"}],"about":[{"href":"https:\/\/hedgehogprogram.com\/fr\/wp-json\/wp\/v2\/types\/product"}],"wp:featuredmedia":[{"embeddable":true,"href":"https:\/\/hedgehogprogram.com\/fr\/wp-json\/wp\/v2\/media\/22959"}],"wp:attachment":[{"href":"https:\/\/hedgehogprogram.com\/fr\/wp-json\/wp\/v2\/media?parent=25409"}],"wp:term":[{"taxonomy":"product_brand","embeddable":true,"href":"https:\/\/hedgehogprogram.com\/fr\/wp-json\/wp\/v2\/product_brand?post=25409"},{"taxonomy":"product_cat","embeddable":true,"href":"https:\/\/hedgehogprogram.com\/fr\/wp-json\/wp\/v2\/product_cat?post=25409"},{"taxonomy":"product_tag","embeddable":true,"href":"https:\/\/hedgehogprogram.com\/fr\/wp-json\/wp\/v2\/product_tag?post=25409"}],"curies":[{"name":"wp","href":"https:\/\/api.w.org\/{rel}","templated":true}]}}